{"id":23,"date":"2025-08-14T10:05:18","date_gmt":"2025-08-14T13:05:18","guid":{"rendered":"https:\/\/miara.online\/?page_id=23"},"modified":"2025-08-19T15:59:03","modified_gmt":"2025-08-19T18:59:03","slug":"home","status":"publish","type":"page","link":"https:\/\/miara.online\/","title":{"rendered":"Home"},"content":{"rendered":"\n<div class=\"wp-block-cover alignfull is-light\" style=\"min-height:720px\"><span aria-hidden=\"true\" class=\"wp-block-cover__background has-background-dim-100 has-background-dim has-background-gradient\" style=\"background:linear-gradient(35deg,rgb(6,0,151) 0%,rgb(130,4,255) 73%,rgb(193,15,255) 100%)\"><\/span><div class=\"wp-block-cover__inner-container is-layout-flow wp-block-cover-is-layout-flow\">\n<div class=\"inherit-container-width wp-block-group alignwide is-layout-constrained wp-block-group-is-layout-constrained\">\n<div class=\"wp-block-media-text alignwide has-media-on-the-right is-stacked-on-mobile is-vertically-aligned-center\" style=\"grid-template-columns:auto 43%\"><div class=\"wp-block-media-text__content\">\n<h1 class=\"wp-block-heading has-text-align-left has-white-color has-text-color\">Explora el pixel en todas sus formas<\/h1>\n\n\n\n<p class=\"has-white-color has-text-color\">Una aventura creativa donde cada t\u00e9cnica es un nuevo nivel por descubrir<br><\/p>\n\n\n\n<div class=\"wp-block-buttons is-layout-flex wp-block-buttons-is-layout-flex\">\n<div class=\"wp-block-button\"><a class=\"wp-block-button__link wp-element-button\" href=\"#\" style=\"border-style:none;border-width:0px\">\u00a1Empezar la aventura!<\/a><\/div>\n<\/div>\n\n\n\n<p class=\"has-ast-global-color-5-color has-text-color has-link-color has-small-font-size wp-elements-b9334b7be541a337ba57add6f7441f04\">Incluye tu primer patr\u00f3n gratis<\/p>\n<\/div><figure class=\"wp-block-media-text__media\"><img loading=\"lazy\" decoding=\"async\" width=\"1024\" height=\"1024\" src=\"https:\/\/miara.online\/wp-content\/uploads\/2025\/08\/ChatGPT-Image-19-ago-2025-09_34_12-a.m.png\" alt=\"\" class=\"wp-image-60 size-full\" srcset=\"https:\/\/miara.online\/wp-content\/uploads\/2025\/08\/ChatGPT-Image-19-ago-2025-09_34_12-a.m.png 1024w, https:\/\/miara.online\/wp-content\/uploads\/2025\/08\/ChatGPT-Image-19-ago-2025-09_34_12-a.m-300x300.png 300w, https:\/\/miara.online\/wp-content\/uploads\/2025\/08\/ChatGPT-Image-19-ago-2025-09_34_12-a.m-150x150.png 150w, https:\/\/miara.online\/wp-content\/uploads\/2025\/08\/ChatGPT-Image-19-ago-2025-09_34_12-a.m-768x768.png 768w\" sizes=\"(max-width: 1024px) 100vw, 1024px\" \/><\/figure><\/div>\n<\/div>\n<\/div><\/div>\n\n\n\n<div class=\"wp-block-group alignfull is-layout-constrained wp-container-core-group-layout-2 wp-block-group-is-layout-constrained\" id=\"services\" style=\"padding-top:144px;padding-bottom:0px\">\n<div class=\"wp-block-columns is-layout-flex wp-container-core-columns-layout-1 wp-block-columns-is-layout-flex\" style=\"margin-top:50px\">\n<div class=\"wp-block-column is-layout-flow wp-container-core-column-layout-1 wp-block-column-is-layout-flow\">\n<figure class=\"wp-block-image size-full\"><img loading=\"lazy\" decoding=\"async\" width=\"1024\" height=\"1024\" src=\"https:\/\/miara.online\/wp-content\/uploads\/2025\/08\/file_0000000099cc61f9b645a487904b7c17.png\" alt=\"\" class=\"wp-image-64\" srcset=\"https:\/\/miara.online\/wp-content\/uploads\/2025\/08\/file_0000000099cc61f9b645a487904b7c17.png 1024w, https:\/\/miara.online\/wp-content\/uploads\/2025\/08\/file_0000000099cc61f9b645a487904b7c17-300x300.png 300w, https:\/\/miara.online\/wp-content\/uploads\/2025\/08\/file_0000000099cc61f9b645a487904b7c17-150x150.png 150w, https:\/\/miara.online\/wp-content\/uploads\/2025\/08\/file_0000000099cc61f9b645a487904b7c17-768x768.png 768w\" sizes=\"(max-width: 1024px) 100vw, 1024px\" \/><\/figure>\n\n\n\n<h3 class=\"wp-block-heading\" style=\"margin-top:16px\">Aprend\u00e9 paso a paso<\/h3>\n\n\n\n<p>Tutoriales claros y simples que te gu\u00edan nivel por nivel<\/p>\n<\/div>\n\n\n\n<div class=\"wp-block-column is-layout-flow wp-container-core-column-layout-2 wp-block-column-is-layout-flow\">\n<figure class=\"wp-block-image size-full\"><img loading=\"lazy\" decoding=\"async\" width=\"1024\" height=\"1024\" src=\"https:\/\/miara.online\/wp-content\/uploads\/2025\/08\/ChatGPT-Image-19-ago-2025-01_57_00-p.m.png\" alt=\"\" class=\"wp-image-66\" srcset=\"https:\/\/miara.online\/wp-content\/uploads\/2025\/08\/ChatGPT-Image-19-ago-2025-01_57_00-p.m.png 1024w, https:\/\/miara.online\/wp-content\/uploads\/2025\/08\/ChatGPT-Image-19-ago-2025-01_57_00-p.m-300x300.png 300w, https:\/\/miara.online\/wp-content\/uploads\/2025\/08\/ChatGPT-Image-19-ago-2025-01_57_00-p.m-150x150.png 150w, https:\/\/miara.online\/wp-content\/uploads\/2025\/08\/ChatGPT-Image-19-ago-2025-01_57_00-p.m-768x768.png 768w\" sizes=\"(max-width: 1024px) 100vw, 1024px\" \/><\/figure>\n\n\n\n<h3 class=\"wp-block-heading\" style=\"margin-top:16px\">Desbloque\u00e1 mundos creativos<\/h3>\n\n\n\n<p>Crochet, bordado, hama beads, dibujo digital y mucho m\u00e1s por explorar.<\/p>\n<\/div>\n\n\n\n<div class=\"wp-block-column is-layout-flow wp-container-core-column-layout-3 wp-block-column-is-layout-flow\">\n<figure class=\"wp-block-image size-full\"><img loading=\"lazy\" decoding=\"async\" width=\"1024\" height=\"1024\" src=\"https:\/\/miara.online\/wp-content\/uploads\/2025\/08\/ChatGPT-Image-19-ago-2025-02_14_39-p.m.png\" alt=\"\" class=\"wp-image-67\" srcset=\"https:\/\/miara.online\/wp-content\/uploads\/2025\/08\/ChatGPT-Image-19-ago-2025-02_14_39-p.m.png 1024w, https:\/\/miara.online\/wp-content\/uploads\/2025\/08\/ChatGPT-Image-19-ago-2025-02_14_39-p.m-300x300.png 300w, https:\/\/miara.online\/wp-content\/uploads\/2025\/08\/ChatGPT-Image-19-ago-2025-02_14_39-p.m-150x150.png 150w, https:\/\/miara.online\/wp-content\/uploads\/2025\/08\/ChatGPT-Image-19-ago-2025-02_14_39-p.m-768x768.png 768w\" sizes=\"(max-width: 1024px) 100vw, 1024px\" \/><\/figure>\n\n\n\n<h3 class=\"wp-block-heading\" style=\"margin-top:16px\">Unite a la comunidad<\/h3>\n\n\n\n<p>Compart\u00ed tus avances, celebr\u00e1 logros y encontr\u00e1 inspiraci\u00f3n en otros jugadores del p\u00edxel.<\/p>\n<\/div>\n<\/div>\n\n\n\n<div class=\"wp-block-buttons is-content-justification-center is-layout-flex wp-container-core-buttons-layout-2 wp-block-buttons-is-layout-flex\">\n<div class=\"wp-block-button\"><a class=\"wp-block-button__link has-text-align-center wp-element-button\" href=\"#\">Quiero desbloquear mi primer nivel<\/a><\/div>\n<\/div>\n<\/div>\n\n\n\n<div class=\"wp-block-group alignfull has-ast-global-color-5-background-color has-background is-layout-constrained wp-container-core-group-layout-4 wp-block-group-is-layout-constrained\" id=\"about\" style=\"padding-top:143px;padding-bottom:144px\">\n<div class=\"wp-block-media-text has-media-on-the-right is-stacked-on-mobile is-vertically-aligned-center\"><div class=\"wp-block-media-text__content\">\n<div class=\"inherit-container-width wp-block-group is-layout-constrained wp-block-group-is-layout-constrained\" style=\"padding-right:80px\">\n<h2 class=\"wp-block-heading\" style=\"padding-right:40px\">Aprender nunca fue tan divertido como jugar<\/h2>\n\n\n\n<p>En Miara Online transformamos el arte del p\u00edxel en una experiencia creativa. No importa si reci\u00e9n empez\u00e1s o si ya exploraste varios mundos: cada t\u00e9cnica es una nueva aventura que pod\u00e9s desbloquear.<\/p>\n\n\n\n<p>De a poco, vas sumando logros, explorando estilos y creando obras \u00fanicas que llevan tu sello personal.<\/p>\n<\/div>\n<\/div><figure class=\"wp-block-media-text__media\"><img loading=\"lazy\" decoding=\"async\" width=\"1024\" height=\"876\" src=\"https:\/\/miara.online\/wp-content\/uploads\/2025\/08\/ChatGPT-Image-19-ago-2025-03_25_11-p.m.png\" alt=\"\" class=\"wp-image-80 size-full\" srcset=\"https:\/\/miara.online\/wp-content\/uploads\/2025\/08\/ChatGPT-Image-19-ago-2025-03_25_11-p.m.png 1024w, https:\/\/miara.online\/wp-content\/uploads\/2025\/08\/ChatGPT-Image-19-ago-2025-03_25_11-p.m-300x257.png 300w, https:\/\/miara.online\/wp-content\/uploads\/2025\/08\/ChatGPT-Image-19-ago-2025-03_25_11-p.m-768x657.png 768w\" sizes=\"(max-width: 1024px) 100vw, 1024px\" \/><\/figure><\/div>\n<\/div>\n\n\n\n<div class=\"wp-block-group alignfull has-ast-global-color-5-background-color has-background is-layout-constrained wp-container-core-group-layout-5 wp-block-group-is-layout-constrained\" style=\"padding-bottom:0px\">\n<h2 class=\"wp-block-heading\">\u00bfQue mundo podes explorar?<\/h2>\n\n\n\n<p>Cada t\u00e9cnica es un escenario distinto donde poner a prueba tu creatividad.<\/p>\n\n\n\n<div class=\"wp-block-columns are-vertically-aligned-top is-layout-flex wp-container-core-columns-layout-2 wp-block-columns-is-layout-flex\">\n<div class=\"wp-block-column is-vertically-aligned-top is-layout-flow wp-container-core-column-layout-4 wp-block-column-is-layout-flow\">\n<figure class=\"wp-block-image size-full is-resized\"><img loading=\"lazy\" decoding=\"async\" width=\"260\" height=\"261\" src=\"https:\/\/miara.online\/wp-content\/uploads\/2025\/08\/dibujo.png\" alt=\"\" class=\"wp-image-82\" style=\"width:55px;height:auto\" srcset=\"https:\/\/miara.online\/wp-content\/uploads\/2025\/08\/dibujo.png 260w, https:\/\/miara.online\/wp-content\/uploads\/2025\/08\/dibujo-150x150.png 150w\" sizes=\"(max-width: 260px) 100vw, 260px\" \/><\/figure>\n\n\n\n<h3 class=\"wp-block-heading has-text-align-left\" style=\"margin-top:16px\">En papel<\/h3>\n\n\n\n<p class=\"has-text-align-left\">Patrones imprimibles y plantillas listas para usar.<\/p>\n<\/div>\n\n\n\n<div class=\"wp-block-column is-vertically-aligned-top is-layout-flow wp-container-core-column-layout-5 wp-block-column-is-layout-flow\">\n<figure class=\"wp-block-image size-full is-resized\"><img loading=\"lazy\" decoding=\"async\" width=\"260\" height=\"263\" src=\"https:\/\/miara.online\/wp-content\/uploads\/2025\/08\/pixel-crochet.png\" alt=\"\" class=\"wp-image-84\" style=\"width:55px\"\/><\/figure>\n\n\n\n<h3 class=\"wp-block-heading has-text-align-left\" style=\"margin-top:16px\">Con hilos<\/h3>\n\n\n\n<p class=\"has-text-align-left\">Crochet, bordado  y mas, paso a paso<\/p>\n<\/div>\n\n\n\n<div class=\"wp-block-column is-vertically-aligned-top is-layout-flow wp-container-core-column-layout-6 wp-block-column-is-layout-flow\">\n<figure class=\"wp-block-image size-full is-resized\"><img loading=\"lazy\" decoding=\"async\" width=\"260\" height=\"259\" src=\"https:\/\/miara.online\/wp-content\/uploads\/2025\/08\/voxel.png\" alt=\"\" class=\"wp-image-85\" style=\"width:55px\" srcset=\"https:\/\/miara.online\/wp-content\/uploads\/2025\/08\/voxel.png 260w, https:\/\/miara.online\/wp-content\/uploads\/2025\/08\/voxel-150x150.png 150w\" sizes=\"(max-width: 260px) 100vw, 260px\" \/><\/figure>\n\n\n\n<h3 class=\"wp-block-heading has-text-align-left\" style=\"margin-top:16px\">En objetos<\/h3>\n\n\n\n<p class=\"has-text-align-left\">Hama beads, mostacillas y proyectos DIY.<\/p>\n<\/div>\n\n\n\n<div class=\"wp-block-column is-vertically-aligned-top is-layout-flow wp-container-core-column-layout-7 wp-block-column-is-layout-flow\">\n<figure class=\"wp-block-image size-full is-resized\"><img loading=\"lazy\" decoding=\"async\" width=\"260\" height=\"260\" src=\"https:\/\/miara.online\/wp-content\/uploads\/2025\/08\/pixel-art.png\" alt=\"\" class=\"wp-image-86\" style=\"width:55px\" srcset=\"https:\/\/miara.online\/wp-content\/uploads\/2025\/08\/pixel-art.png 260w, https:\/\/miara.online\/wp-content\/uploads\/2025\/08\/pixel-art-150x150.png 150w\" sizes=\"(max-width: 260px) 100vw, 260px\" \/><\/figure>\n\n\n\n<h3 class=\"wp-block-heading has-text-align-left\" style=\"margin-top:16px\">Digital<\/h3>\n\n\n\n<p class=\"has-text-align-left\">Dibujo y pixel art en la pantalla (muy pronto desbloqueable)<\/p>\n<\/div>\n<\/div>\n<\/div>\n\n\n\n<div class=\"wp-block-group alignfull has-ast-global-color-4-background-color has-background is-layout-constrained wp-container-core-group-layout-6 wp-block-group-is-layout-constrained\" id=\"reviews\">\n<p class=\"has-text-align-center\" style=\"font-size:22px;line-height:1.6\">Muy pronto vas a poder leer aqu\u00ed lo que nuestra comunidad est\u00e1 creando y compartiendo \ud83d\udc9c<\/p>\n\n\n\n<p class=\"has-text-align-center\"><strong>\u00bfQuer\u00e9s ser de los primeros en probarlo?<\/strong><\/p>\n\n\n\n<div class=\"wp-block-buttons is-content-justification-center is-layout-flex wp-container-core-buttons-layout-3 wp-block-buttons-is-layout-flex\">\n<div class=\"wp-block-button\"><a class=\"wp-block-button__link wp-element-button\">Unite ac\u00e1<\/a><\/div>\n<\/div>\n<\/div>\n\n\n\n<div class=\"wp-block-group alignfull is-layout-constrained wp-container-core-group-layout-7 wp-block-group-is-layout-constrained\" id=\"whyus\" style=\"padding-top:144px;padding-bottom:144px\">\n<h2 class=\"wp-block-heading\">En Miara Online vas a encontrar<\/h2>\n\n\n\n<div class=\"wp-block-columns is-layout-flex wp-container-core-columns-layout-3 wp-block-columns-is-layout-flex\" style=\"margin-top:60px\">\n<div class=\"wp-block-column is-layout-flow wp-container-core-column-layout-8 wp-block-column-is-layout-flow\">\n<figure class=\"wp-block-image size-large\"><img decoding=\"async\" src=\"https:\/\/miara.online\/wp-content\/themes\/astra\/inc\/assets\/images\/starter-content\/passionate.svg\" alt=\"\" class=\"wp-image-162\"\/><\/figure>\n\n\n\n<h3 class=\"wp-block-heading\" style=\"margin-top:16px\">Pasi\u00f3n creativa<\/h3>\n\n\n\n<p>Amor por el p\u00edxel y lo exploramos en todas sus formas<\/p>\n<\/div>\n\n\n\n<div class=\"wp-block-column is-layout-flow wp-container-core-column-layout-9 wp-block-column-is-layout-flow\">\n<figure class=\"wp-block-image size-large\"><img decoding=\"async\" src=\"https:\/\/miara.online\/wp-content\/themes\/astra\/inc\/assets\/images\/starter-content\/professional.svg\" alt=\"\" class=\"wp-image-163\"\/><\/figure>\n\n\n\n<h3 class=\"wp-block-heading\" style=\"margin-top:16px\">Aprendizaje simple<\/h3>\n\n\n\n<p>T\u00e9cnicas paso a paso, sin complicaciones.<\/p>\n<\/div>\n\n\n\n<div class=\"wp-block-column is-layout-flow wp-container-core-column-layout-10 wp-block-column-is-layout-flow\">\n<figure class=\"wp-block-image size-large\"><img decoding=\"async\" src=\"https:\/\/miara.online\/wp-content\/themes\/astra\/inc\/assets\/images\/starter-content\/support.svg\" alt=\"\" class=\"wp-image-164\"\/><\/figure>\n\n\n\n<h3 class=\"wp-block-heading\" style=\"margin-top:16px\">Comunidad activa<\/h3>\n\n\n\n<p>No jug\u00e1s sola: siempre hay alguien compartiendo sus logros y anim\u00e1ndote<\/p>\n<\/div>\n<\/div>\n<\/div>\n\n\n\n<div class=\"wp-block-group alignfull has-background is-layout-constrained wp-container-core-group-layout-8 wp-block-group-is-layout-constrained\" id=\"contact\" style=\"background:linear-gradient(35deg,rgb(6,0,151) 0%,rgb(130,4,255) 64%,rgb(193,15,255) 98%);padding-top:104px;padding-bottom:104px\">\n<h2 class=\"wp-block-heading has-text-align-center has-text-color\" style=\"color:#ffffff\">\u00bfListx para desbloquear tu primer nivel?<\/h2>\n\n\n\n<p class=\"has-text-align-center\">Sumate gratis y empez\u00e1 a explorar el mundo del p\u00edxel<\/p>\n\n\n\n<div class=\"wp-block-buttons alignwide is-horizontal is-content-justification-center is-layout-flex wp-container-core-buttons-layout-4 wp-block-buttons-is-layout-flex\" style=\"margin-top:50px\">\n<div class=\"wp-block-button\"><a class=\"wp-block-button__link wp-element-button\">Desbloquear mi primer nivel<\/a><\/div>\n<\/div>\n<\/div>\n","protected":false},"excerpt":{"rendered":"<p>Aprend\u00e9 paso a paso Tutoriales claros y simples que te gu\u00edan nivel por nivel Desbloque\u00e1 mundos creativos Crochet, bordado, hama [&hellip;]<\/p>\n","protected":false},"author":1,"featured_media":0,"parent":0,"menu_order":0,"comment_status":"closed","ping_status":"closed","template":"","meta":{"site-sidebar-layout":"no-sidebar","site-content-layout":"plain-container","ast-site-content-layout":"default","site-content-style":"default","site-sidebar-style":"default","ast-global-header-display":"","ast-banner-title-visibility":"","ast-main-header-display":"","ast-hfb-above-header-display":"","ast-hfb-below-header-display":"","ast-hfb-mobile-header-display":"","site-post-title":"disabled","ast-breadcrumbs-content":"","ast-featured-img":"","footer-sml-layout":"","theme-transparent-header-meta":"enabled","adv-header-id-meta":"","stick-header-meta":"","header-above-stick-meta":"","header-main-stick-meta":"","header-below-stick-meta":"","astra-migrate-meta-layouts":"default","ast-page-background-enabled":"default","ast-page-background-meta":{"desktop":{"background-color":"var(--ast-global-color-5)","background-image":"","background-repeat":"repeat","background-position":"center center","background-size":"auto","background-attachment":"scroll","background-type":"","background-media":"","overlay-type":"","overlay-color":"","overlay-opacity":"","overlay-gradient":""},"tablet":{"background-color":"","background-image":"","background-repeat":"repeat","background-position":"center center","background-size":"auto","background-attachment":"scroll","background-type":"","background-media":"","overlay-type":"","overlay-color":"","overlay-opacity":"","overlay-gradient":""},"mobile":{"background-color":"","background-image":"","background-repeat":"repeat","background-position":"center center","background-size":"auto","background-attachment":"scroll","background-type":"","background-media":"","overlay-type":"","overlay-color":"","overlay-opacity":"","overlay-gradient":""}},"ast-content-background-meta":{"desktop":{"background-color":"var(--ast-global-color-4)","background-image":"","background-repeat":"repeat","background-position":"center center","background-size":"auto","background-attachment":"scroll","background-type":"","background-media":"","overlay-type":"","overlay-color":"","overlay-opacity":"","overlay-gradient":""},"tablet":{"background-color":"var(--ast-global-color-4)","background-image":"","background-repeat":"repeat","background-position":"center center","background-size":"auto","background-attachment":"scroll","background-type":"","background-media":"","overlay-type":"","overlay-color":"","overlay-opacity":"","overlay-gradient":""},"mobile":{"background-color":"var(--ast-global-color-4)","background-image":"","background-repeat":"repeat","background-position":"center center","background-size":"auto","background-attachment":"scroll","background-type":"","background-media":"","overlay-type":"","overlay-color":"","overlay-opacity":"","overlay-gradient":""}},"footnotes":""},"_links":{"self":[{"href":"https:\/\/miara.online\/index.php\/wp-json\/wp\/v2\/pages\/23"}],"collection":[{"href":"https:\/\/miara.online\/index.php\/wp-json\/wp\/v2\/pages"}],"about":[{"href":"https:\/\/miara.online\/index.php\/wp-json\/wp\/v2\/types\/page"}],"author":[{"embeddable":true,"href":"https:\/\/miara.online\/index.php\/wp-json\/wp\/v2\/users\/1"}],"replies":[{"embeddable":true,"href":"https:\/\/miara.online\/index.php\/wp-json\/wp\/v2\/comments?post=23"}],"version-history":[{"count":16,"href":"https:\/\/miara.online\/index.php\/wp-json\/wp\/v2\/pages\/23\/revisions"}],"predecessor-version":[{"id":90,"href":"https:\/\/miara.online\/index.php\/wp-json\/wp\/v2\/pages\/23\/revisions\/90"}],"wp:attachment":[{"href":"https:\/\/miara.online\/index.php\/wp-json\/wp\/v2\/media?parent=23"}],"curies":[{"name":"wp","href":"https:\/\/api.w.org\/{rel}","templated":true}]}}